{"id":99,"date":"2013-12-15T19:59:22","date_gmt":"2013-12-15T18:59:22","guid":{"rendered":"http:\/\/www.hausarzt-waldstetten.de\/?page_id=99"},"modified":"2024-06-30T19:19:10","modified_gmt":"2024-06-30T18:19:10","slug":"impressum-2","status":"publish","type":"page","link":"https:\/\/www.hausarzt-waldstetten.de\/?page_id=99","title":{"rendered":"Impressum\/Datenschutz"},"content":{"rendered":"<p><strong>Dr. med. Stefan Schaible und\u00a0 Dr. med. Joachim Strobel<\/strong><\/p>\n<p>haben beide eine Approbation als Arzt erhalten durch die<\/p>\n<p><span style=\"text-decoration: underline;\">zust\u00e4ndige \u00c4rztekammer:<\/span><\/p>\n<p>Landes\u00e4rztekammer Baden-W\u00fcrttemberg, Jahnstrasse 40, 70597 Stuttgart<\/p>\n<p>Als Kassen\u00e4rzte sind beide der Kassen\u00e4rztlichen Vereinigung zugeordnet, somit ist die<\/p>\n<p><span style=\"text-decoration: underline;\">zust\u00e4ndige Aufsichtsbeh\u00f6rde:<\/span><\/p>\n<p>Kassen\u00e4rztliche Vereinigung Baden-W\u00fcrttemberg, Albstadtweg 11, 70567 Stuttgart<\/p>\n<p><span style=\"text-decoration: underline;\">Kontaktdaten kompakt:<\/span><\/p>\n<p>fon: 0049-(0)7171-4 27 25; fax: 0049-(0)7171-99 80 90;<\/p>\n<p>mail:<\/p>\n<p>f\u00fcr Folgerezepte und \u00dcberweisungen: bestellung@schaible-strobel.de<\/p>\n<p>F\u00fcr gesetzliche Erf\u00fcllung:\u00a0 <a href=\"mailto:admin@schaible-strobel.de\">admin@schaible-strobel.de<\/a> ; (Anfragen etc. sind leider nur telefonisch m\u00f6glich , damit wir Ihr Anliegen sofort im Gespr\u00e4ch direkt kl\u00e4ren k\u00f6nnen, Terminvereinbarungen\/ Rezeptbestellungen auch online, siehe Seite &#8222;Willkommen&#8220;.)<\/p>\n<p lang=\"de-DE\"><span style=\"color: #c052a1;\"><span style=\"font-family: Calluna,monospace;\"><span style=\"font-size: xx-large;\"><b><span style=\"color: #009900;\"><span style=\"font-family: Arial,sans-serif;\">Patienteninformation zum Datenschutz, DSGVO 2018<\/span><\/span><\/b><\/span><\/span><\/span><\/p>\n<p lang=\"de-DE\"><span style=\"color: #000000;\"><span style=\"font-family: Arial,sans-serif;\"><span style=\"font-size: medium;\"><b>Informationen gem\u00e4\u00df Artikel 13 und 14 Datenschutz-Grundverordnung \u00fcber die<br \/>\nVerarbeitung von Daten in der Arztpraxis \/ Praxis f\u00fcr Psychotherapie<\/b><\/span><\/span><\/span><\/p>\n<p><span style=\"color: #000000;\"><span style=\"font-family: Arial,sans-serif;\">Hiermit informieren wir Sie \u00fcber die Verarbeitung Ihrer Daten in unserer Praxis. <\/span><\/span><\/p>\n<p lang=\"de-DE\"><span style=\"color: #009900;\"><span style=\"font-family: Arial,sans-serif;\"><span style=\"font-size: medium;\"><b>1. Verantwortlicher f\u00fcr die Datenverarbeitung<\/b><\/span><\/span><\/span><\/p>\n<p><span style=\"font-family: Arial,sans-serif;\">Verantwortlich f\u00fcr die Datenverarbeitung ist: <\/span><\/p>\n<p><span style=\"font-family: Arial,sans-serif;\">Praxisname: Dr. Stefan Schaible und Dr. Joachim Strobel<\/span><\/p>\n<p><span style=\"font-family: Arial,sans-serif;\">Anschrift: Breslauer Stra\u00dfe 8, 73550 Waldstetten<\/span><\/p>\n<p><span style=\"font-family: Arial,sans-serif;\">Kontaktdaten: 07171 \u2013 4 27 25<\/span><\/p>\n<p lang=\"de-DE\"><span style=\"color: #009900;\"><span style=\"font-family: Arial,sans-serif;\"><span style=\"font-size: medium;\"><b>2. Zweck der Datenverarbeitung<\/b><\/span><\/span><\/span><\/p>\n<p><span style=\"color: #000000;\"><span style=\"font-family: Arial,sans-serif;\">Damit wir Sie behandeln k\u00f6nnen, m\u00fcssen wir eine Patientenakte anlegen und damit personenbezogene Daten (Stammdaten und Gesundheitsdaten) von Ihnen verarbeiten. Das schreibt nicht nur das Gesetz vor, sondern es ist f\u00fcr die Behandlungsqualit\u00e4t unabdingbar. Zu den vom Gesetz besonders gesch\u00fctzten Gesundheitsdaten geh\u00f6ren beispielsweise von uns und anderen \u00c4rzten erhobene Befunde, Anamnesen, Diagnosen und Therapievorschl\u00e4ge. <\/span><\/span><\/p>\n<p><span style=\"color: #000000;\"><span style=\"font-family: Arial,sans-serif;\">Eine \u00dcbersicht der zugrundeliegenden Rechtsgrundlagen kann dem Anhang entnommen werden.<\/span><\/span><\/p>\n<p><span style=\"color: #000000;\"><span style=\"font-family: Arial,sans-serif;\">Wir \u00fcbermitteln Ihre personenbezogenen Daten nur dann an Dritte, wenn dies gesetzlich erlaubt ist oder<\/span> <span style=\"font-family: Arial,sans-serif;\">Sie eingewilligt haben. Soweit Sie eingewilligt haben, k\u00f6nnen wir Ihre Daten auch zu bestimmten anderen als den Behandlungszwecken verwenden, wie z. B. Praxismailings, Informationen, Terminerinnerung, die Sie betreffen.<\/span><\/span><\/p>\n<p lang=\"de-DE\"><span style=\"color: #009900;\"><span style=\"font-family: Arial,sans-serif;\"><span style=\"font-size: medium;\"><b>3. Empf\u00e4nger Ihrer Daten<\/b><\/span><\/span><\/span><\/p>\n<p><span style=\"color: #000000;\"><span style=\"font-family: Arial,sans-serif;\">Im Rahmen der Behandlung kann es sein, dass wir mit anderen \u00c4rzten, Psychotherapeuten und sonstigen Leistungserbringern zusammenarbeiten, an die wir auch Daten von Ihnen \u00fcbermitteln m\u00fcssen. Dazu geh\u00f6ren beispielsweise auch Labore, mit denen wir zusammenarbeiten, um bestimmte Werte (etwa Blutwerte) erstellen zu lassen, die wir f\u00fcr die Behandlung und Diagnose ben\u00f6tigen. Dar\u00fcber hinaus bestehen gesetzliche Vorgaben zur Zusammenarbeit mit der Kassen\u00e4rztlichen Vereinigung, Ihrer Krankenkasse, dem Medizinischen Dienst der Krankenversicherung und <\/span><\/span><span style=\"color: #000000;\"><span style=\"font-family: Arial,sans-serif;\">\u00c4rztekammern. Im Einzelfall \u00fcbermitteln wir die Daten \u2013 mit Ihrem Einverst\u00e4ndnis \u2013 an weitere berechtigte Empf\u00e4nger.<\/span><\/span><\/p>\n<p lang=\"de-DE\"><span style=\"color: #009900;\"><span style=\"font-family: Arial,sans-serif;\"><span style=\"font-size: medium;\"><b>4. Ihre Rechte<\/b><\/span><\/span><\/span><\/p>\n<ol type=\"a\">\n<li><span style=\"color: #000000;\"><span style=\"font-family: Arial,sans-serif;\">Die gesetzlichen Regelungen r\u00e4umen Ihnen einige Rechte ein. So steht Ihnen das Recht zu, <\/span><\/span><\/li>\n<li>\n<p lang=\"de-DE\"><span style=\"color: #000000;\"><span style=\"font-family: Gill Alt One MT,sans-serif;\"><span style=\"font-size: small;\"><span style=\"font-family: Arial,sans-serif;\">Auskunft \u00fcber die Sie betreffenden personenbezogenen Daten zu erhalten, <\/span><\/span><\/span><\/span><\/p>\n<\/li>\n<li>\n<p lang=\"de-DE\"><span style=\"color: #000000;\"><span style=\"font-family: Gill Alt One MT,sans-serif;\"><span style=\"font-size: small;\"><span style=\"font-family: Arial,sans-serif;\">unrichtige Daten berichtigen zu lassen,<\/span><\/span><\/span><\/span><\/p>\n<\/li>\n<li>\n<p lang=\"de-DE\"><span style=\"color: #000000;\"><span style=\"font-family: Gill Alt One MT,sans-serif;\"><span style=\"font-size: small;\"><span style=\"font-family: Arial,sans-serif;\">unter bestimmten Voraussetzungen die L\u00f6schung oder Einschr\u00e4nkung der Verarbeitung Ihrer personenbezogenen Daten zu verlangen,<br \/>\n<\/span><span style=\"font-family: Arial,sans-serif;\"><i>Hinweis: Ihre Patientenakte wird von uns nur solange aufbewahrt, wie es f\u00fcr die Behandlung erforderlich ist und es den gesetzlichen Vorschriften entspricht.<\/i><\/span><\/span><\/span><\/span><\/p>\n<\/li>\n<li>\n<p lang=\"de-DE\"><span style=\"color: #000000;\"><span style=\"font-family: Gill Alt One MT,sans-serif;\"><span style=\"font-size: small;\"><span style=\"font-family: Arial,sans-serif;\">Widerspruch gegen die Verarbeitung Ihrer Daten einzulegen,<\/span><\/span><\/span><\/span><\/p>\n<\/li>\n<li>\n<p lang=\"de-DE\"><span style=\"color: #000000;\"> <span style=\"font-family: Arial,sans-serif;\"><span style=\"font-size: small;\"> Ihre Daten an andere von Ihnen bestimmte Stellen \u00fcbertragen zu lassen. Dazu ist eine gesonderte Einwilligung erforderlich.<\/span><\/span><\/span><\/p>\n<\/li>\n<\/ol>\n<p><span style=\"color: #000000;\"><span style=\"font-family: Arial,sans-serif;\">Soweit Sie in die Verarbeitung Ihrer Daten eingewilligt haben, haben Sie das Recht, die Einwilligung f\u00fcr die zuk\u00fcnftige Verarbeitung zu widerrufen.<\/span><\/span><\/p>\n<p><span style=\"color: #000000;\"><span style=\"font-family: Arial,sans-serif;\">Wir weisen darauf hin, dass damit gegebenenfalls eine weitere Behandlung nicht mehr m\u00f6glich ist.<\/span><\/span><\/p>\n<p><span style=\"color: #000000;\"><span style=\"font-family: Arial,sans-serif;\">Sie haben das Recht, sich an die zust\u00e4ndige Aufsichtsbeh\u00f6rde f\u00fcr den Datenschutz zu wenden, wenn Sie der Ansicht sind, dass die Verarbeitung Ihrer personenbezogenen Daten nicht rechtm\u00e4\u00dfig erfolgt. Die Anschrift der f\u00fcr uns zust\u00e4ndigen Aufsichtsbeh\u00f6rde lautet <\/span><\/span><\/p>\n<p><span style=\"color: #000000;\"><span style=\"font-family: Arial,sans-serif;\">Landesbeauftragter f\u00fcr Datenschutz und Informationsfreiheit Baden-W\u00fcrttemberg<br \/>\nK\u00f6nigstra\u00dfe 10 a<br \/>\n70173 Stuttgart<\/span><\/span><\/p>\n<p><span style=\"color: #000000;\"><span style=\"font-family: Arial,sans-serif;\">Stand: 23. Mai 2018<\/span><\/span><\/p>\n<p lang=\"de-DE\"><span style=\"color: #009900;\"><span style=\"font-family: Arial,sans-serif;\"><span style=\"font-size: medium;\"><b>Rechtsgrundlagen f\u00fcr die Datenverarbeitung in der Arztpraxis<\/b><\/span><\/span><\/span><\/p>\n<ol type=\"a\">\n<li>\n<p lang=\"de-DE\"><span style=\"color: #000000;\"><span style=\"font-family: Arial,sans-serif;\"><span style=\"font-size: small;\">Rechtsgrundlage f\u00fcr die Verarbeitung von Daten ist Artikel 9 Absatz 2 lit. h) DSGVO in Verbindung mit \u00a7\u00a022 Absatz 1 Nr. 1 lit. b) Bundesdatenschutzgesetz sowie der Behandlungsvertrag nach den \u00a7\u00a7 630 ff BGB, \u00a7 10 Abs. 1 MBO-\u00c4, \u00a7 57 Abs. 3 BMV-\u00c4.<\/span><\/span><\/span><\/p>\n<\/li>\n<li>\n<p lang=\"de-DE\"><span style=\"color: #000000;\"><span style=\"font-family: Arial,sans-serif;\"><span style=\"font-size: small;\">Rechtsgrundlagen f\u00fcr die \u00dcbermittlung an andere \u00c4rzte sind der Behandlungsvertrag sowie \u00a7 73 Absatz 1b SGB V f\u00fcr den Zweck der Mit-\/Weiter-Behandlung und Dokumentation der Behandlung.<\/span><\/span><\/span><\/p>\n<\/li>\n<li>\n<p lang=\"de-DE\"><span style=\"color: #000000;\"><span style=\"font-family: Arial,sans-serif;\"><span style=\"font-size: small;\">Rechtsgrundlagen f\u00fcr die \u00dcbermittlungen an die Kassen\u00e4rztliche Vereinigung sind insbesondere \u00a7\u00a7 294 ff. SGB V; \u00a7\u00a7 12, 106 SGB V; \u00a7 295 Absatz 1a SGB V; \u00a7\u00a7 298, 299 SGB V f\u00fcr folgende Zwecke: <\/span><\/span><\/span><\/p>\n<ol>\n<li>\n<p lang=\"de-DE\"><span style=\"color: #000000;\"><span style=\"font-family: Arial,sans-serif;\"><span style=\"font-size: small;\">Abrechnung der \u00e4rztlichen Leistungen<\/span><\/span><\/span><\/p>\n<\/li>\n<li>\n<p lang=\"de-DE\"><span style=\"color: #000000;\"><span style=\"font-family: Arial,sans-serif;\"><span style=\"font-size: small;\">Abrechnungspr\u00fcfung<\/span><\/span><\/span><\/p>\n<\/li>\n<li>\n<p lang=\"de-DE\"><span style=\"color: #000000;\"><span style=\"font-family: Arial,sans-serif;\"><span style=\"font-size: small;\">Qualit\u00e4tssicherung<\/span><\/span><\/span><\/p>\n<\/li>\n<li>\n<p lang=\"de-DE\"><span style=\"color: #000000;\"><span style=\"font-family: Arial,sans-serif;\"><span style=\"font-size: small;\">Wirtschaftlichkeitspr\u00fcfung<\/span><\/span><\/span><\/p>\n<\/li>\n<li>\n<p lang=\"de-DE\"><span style=\"color: #000000;\"><span style=\"font-family: Arial,sans-serif;\"><span style=\"font-size: small;\">gesetzlich vorgesehene Weiterleitung durch die Kassen\u00e4rztliche Vereinigung an die zust\u00e4ndige Krankenkasse.<\/span><\/span><\/span><\/p>\n<\/li>\n<\/ol>\n<\/li>\n<li>\n<p lang=\"de-DE\"><span style=\"color: #000000;\"><span style=\"font-family: Gill Alt One MT,sans-serif;\"><span style=\"font-size: small;\"><span style=\"font-family: Arial,sans-serif;\">Rechtsgrundlagen f\u00fcr die \u00dcbermittlung an Krankenkassen sind insbesondere \u00a7\u00a7 294 ff. SGB V, \u00a7\u00a0291 Absatz 2b SGB V, \u00a7 36, Abs. 1 BMV-\u00c4 (im Falle von \u00a7 44 Abs. 4 SGB V mit Ihrer Einwilligung zum Zweck der Feststellung der Leistungsberechtigung gem\u00e4\u00df den Arbeitsunf\u00e4higkeitsrichtlinien).<\/span><\/span><\/span><\/span><\/p>\n<\/li>\n<li>\n<p lang=\"de-DE\"><span style=\"color: #000000;\"><span style=\"font-family: Gill Alt One MT,sans-serif;\"><span style=\"font-size: small;\"><span style=\"font-family: Arial,sans-serif;\">Rechtsgrundlage f\u00fcr die \u00dcbermittlung an den Medizinischen Dienst der Krankenversicherung ist \u00a7\u00a0276 SGB\u00a0V f\u00fcr den Zweck der Pr\u00fcfung, Beratung und Begutachtung.<\/span><\/span><\/span><\/span><\/p>\n<\/li>\n<li>\n<p lang=\"de-DE\"><span style=\"color: #000000;\"> <span style=\"font-family: Arial,sans-serif;\"><span style=\"font-size: small;\"> Rechtsgrundlage f\u00fcr die \u00dcbermittlung an privat\u00e4rztliche Verrechnungsstellen ist ausschlie\u00dflich Ihre ausdr\u00fcckliche Einwilligung f\u00fcr den Zweck der Abrechnung privater Leistungen<\/span><\/span><\/span><\/p>\n<\/li>\n<\/ol>\n<p><span style=\"color: #000000;\"><span style=\"font-family: Arial,sans-serif;\">Dar\u00fcber hinaus k\u00f6nnen sich weitere Daten\u00fcbermittlungspflichten aus anderen gesetzlichen Vorgaben ergeben.<\/span><\/span><\/p>\n<p><b>Quelle: Kassen\u00e4rztliche Vereinigung Baden-W\u00fcrttemberg<\/b><\/p>\n","protected":false},"excerpt":{"rendered":"<p>Dr. med. Stefan Schaible und\u00a0 Dr. med. Joachim Strobel haben beide eine Approbation als Arzt erhalten durch die zust\u00e4ndige \u00c4rztekammer: Landes\u00e4rztekammer Baden-W\u00fcrttemberg, Jahnstrasse 40, 70597 Stuttgart Als Kassen\u00e4rzte sind beide der Kassen\u00e4rztlichen Vereinigung zugeordnet, somit ist die zust\u00e4ndige Aufsichtsbeh\u00f6rde: Kassen\u00e4rztliche Vereinigung Baden-W\u00fcrttemberg, Albstadtweg 11, 70567 Stuttgart Kontaktdaten kompakt: fon: 0049-(0)7171-4 27 25; fax: 0049-(0)7171-99 80 &hellip; <a href=\"https:\/\/www.hausarzt-waldstetten.de\/?page_id=99\" class=\"more-link\"><span class=\"screen-reader-text\">Impressum\/Datenschutz<\/span> weiterlesen <span class=\"meta-nav\">&rarr;<\/span><\/a><\/p>\n","protected":false},"author":1,"featured_media":0,"parent":0,"menu_order":0,"comment_status":"closed","ping_status":"closed","template":"","meta":{"footnotes":""},"class_list":["post-99","page","type-page","status-publish","hentry"],"aioseo_notices":[],"_links":{"self":[{"href":"https:\/\/www.hausarzt-waldstetten.de\/index.php?rest_route=\/wp\/v2\/pages\/99","targetHints":{"allow":["GET"]}}],"collection":[{"href":"https:\/\/www.hausarzt-waldstetten.de\/index.php?rest_route=\/wp\/v2\/pages"}],"about":[{"href":"https:\/\/www.hausarzt-waldstetten.de\/index.php?rest_route=\/wp\/v2\/types\/page"}],"author":[{"embeddable":true,"href":"https:\/\/www.hausarzt-waldstetten.de\/index.php?rest_route=\/wp\/v2\/users\/1"}],"replies":[{"embeddable":true,"href":"https:\/\/www.hausarzt-waldstetten.de\/index.php?rest_route=%2Fwp%2Fv2%2Fcomments&post=99"}],"version-history":[{"count":18,"href":"https:\/\/www.hausarzt-waldstetten.de\/index.php?rest_route=\/wp\/v2\/pages\/99\/revisions"}],"predecessor-version":[{"id":1117,"href":"https:\/\/www.hausarzt-waldstetten.de\/index.php?rest_route=\/wp\/v2\/pages\/99\/revisions\/1117"}],"wp:attachment":[{"href":"https:\/\/www.hausarzt-waldstetten.de\/index.php?rest_route=%2Fwp%2Fv2%2Fmedia&parent=99"}],"curies":[{"name":"wp","href":"https:\/\/api.w.org\/{rel}","templated":true}]}}