{"id":49,"date":"2013-12-15T14:22:15","date_gmt":"2013-12-15T13:22:15","guid":{"rendered":"http:\/\/www.hausarzt-waldstetten.de\/?page_id=49"},"modified":"2026-04-16T17:15:18","modified_gmt":"2026-04-16T16:15:18","slug":"impressum","status":"publish","type":"page","link":"https:\/\/www.hausarzt-waldstetten.de\/","title":{"rendered":"Willkommen"},"content":{"rendered":"\n<p><\/p>\n\n\n\n<hr class=\"wp-block-separator has-alpha-channel-opacity\"\/>\n\n\n\n<h3 class=\"wp-block-heading\">Sprechstunde:<\/h3>\n\n\n\n<h4 class=\"wp-block-heading\"><strong>Wir bitten Sie um eine vorherige Terminvereinbarung unter 07171 &#8211; 42725. <\/strong><\/h4>\n\n\n\n<h4 class=\"wp-block-heading\"><strong>Wenn Sie schon Patient*in bei uns sind, dann gerne auch online, um die Wartezeiten und die Anzahl der gleichzeitig anwesenden Patientinnen und Patienten optimal gestalten zu k\u00f6nnen.<\/strong> Bei Atemwegsinfekten bitten wir um telefonische Terminkl\u00e4rung zur Absch\u00e4tzung der Dringlichkeit f\u00fcr die Vorstellung in unserer separaten Infektsprechstunde.<\/h4>\n\n\n\n<hr class=\"wp-block-separator has-alpha-channel-opacity\"\/>\n\n\n\n<h4 class=\"wp-block-heading\">Neue Patient*innen k\u00f6nnen wir leider nur noch im Ausnahmefall aufnehmen. Hierzu nehmen Sie bitte Kontakt unter 07171 &#8211; 4 27 25 auf.<\/h4>\n\n\n<hr \/>\n<h3><a href=\"https:\/\/webtermin.medatixx.de\/#\/0bffcbc2-2792-4290-950b-5d9a9d90b79a\" target=\"_blank\" rel=\"noopener\"><img loading=\"lazy\" decoding=\"async\" class=\"alignnone size-medium wp-image-818\" src=\"https:\/\/www.hausarzt-waldstetten.de\/wp-content\/uploads\/2022\/09\/Button-Termin-online-300x74.jpg\" alt=\"\" width=\"300\" height=\"74\" srcset=\"https:\/\/www.hausarzt-waldstetten.de\/wp-content\/uploads\/2022\/09\/Button-Termin-online-300x74.jpg 300w, https:\/\/www.hausarzt-waldstetten.de\/wp-content\/uploads\/2022\/09\/Button-Termin-online.jpg 507w\" sizes=\"auto, (max-width: 300px) 100vw, 300px\" \/><\/a><\/h3>\n<h4>Gilt NICHT f\u00fcr Atemwegsinfekte, dann bitte telefonische R\u00fccksprache 07171 &#8211; 4 27 25 !<\/h4>\n<hr \/>\n<h4><strong>Folgerezepte und \u00dcberweisungen:<\/strong><\/h4>\n<h5><strong>(abholbereit bzw. als eRezept erstellt ab dem folgenden Praxis\u00f6ffnungstag ab 8.30 Uhr)<\/strong><\/h5>\n<h4><strong>07171 &#8211; 49 59 834\u00a0\u00a0\u00a0\u00a0\u00a0\u00a0\u00a0\u00a0\u00a0\u00a0\u00a0\u00a0\u00a0\u00a0\u00a0\u00a0\u00a0\u00a0\u00a0\u00a0\u00a0 oder<br \/><\/strong><\/h4>\n<p><a href=\"mailto:bestellung@schaible-strobel.de\"><img loading=\"lazy\" decoding=\"async\" class=\"alignnone size-medium wp-image-1039\" src=\"https:\/\/www.hausarzt-waldstetten.de\/wp-content\/uploads\/2024\/01\/Button-Bestellung-Folgerezept-Ueberweisung-online-300x84.jpg\" alt=\"\" width=\"300\" height=\"84\" srcset=\"https:\/\/www.hausarzt-waldstetten.de\/wp-content\/uploads\/2024\/01\/Button-Bestellung-Folgerezept-Ueberweisung-online-300x84.jpg 300w, https:\/\/www.hausarzt-waldstetten.de\/wp-content\/uploads\/2024\/01\/Button-Bestellung-Folgerezept-Ueberweisung-online.jpg 533w\" sizes=\"auto, (max-width: 300px) 100vw, 300px\" \/><\/a><\/p>\n<hr \/>\n<h4><strong>BITTE beachten Sie auch unsere Hinweise auf der Seite Aktuelles!<\/strong><\/h4>\n<h4>Es gr\u00fc\u00dfen Sie freundlichst, Ihre<\/h4>\n<h4>Dr. med. Stefan Schaible und Dr. med. Joachim Strobel<\/h4>","protected":false},"excerpt":{"rendered":"<p>Sprechstunde: Wir bitten Sie um eine vorherige Terminvereinbarung unter 07171 &#8211; 42725. Wenn Sie schon Patient*in bei uns sind, dann gerne auch online, um die Wartezeiten und die Anzahl der gleichzeitig anwesenden Patientinnen und Patienten optimal gestalten zu k\u00f6nnen. Bei Atemwegsinfekten bitten wir um telefonische Terminkl\u00e4rung zur Absch\u00e4tzung der Dringlichkeit f\u00fcr die Vorstellung in unserer &hellip; <a href=\"https:\/\/www.hausarzt-waldstetten.de\/\" class=\"more-link\"><span class=\"screen-reader-text\">Willkommen<\/span> weiterlesen <span class=\"meta-nav\">&rarr;<\/span><\/a><\/p>\n","protected":false},"author":1,"featured_media":0,"parent":0,"menu_order":0,"comment_status":"closed","ping_status":"closed","template":"","meta":{"footnotes":""},"class_list":["post-49","page","type-page","status-publish","hentry"],"aioseo_notices":[],"_links":{"self":[{"href":"https:\/\/www.hausarzt-waldstetten.de\/index.php?rest_route=\/wp\/v2\/pages\/49","targetHints":{"allow":["GET"]}}],"collection":[{"href":"https:\/\/www.hausarzt-waldstetten.de\/index.php?rest_route=\/wp\/v2\/pages"}],"about":[{"href":"https:\/\/www.hausarzt-waldstetten.de\/index.php?rest_route=\/wp\/v2\/types\/page"}],"author":[{"embeddable":true,"href":"https:\/\/www.hausarzt-waldstetten.de\/index.php?rest_route=\/wp\/v2\/users\/1"}],"replies":[{"embeddable":true,"href":"https:\/\/www.hausarzt-waldstetten.de\/index.php?rest_route=%2Fwp%2Fv2%2Fcomments&post=49"}],"version-history":[{"count":202,"href":"https:\/\/www.hausarzt-waldstetten.de\/index.php?rest_route=\/wp\/v2\/pages\/49\/revisions"}],"predecessor-version":[{"id":1337,"href":"https:\/\/www.hausarzt-waldstetten.de\/index.php?rest_route=\/wp\/v2\/pages\/49\/revisions\/1337"}],"wp:attachment":[{"href":"https:\/\/www.hausarzt-waldstetten.de\/index.php?rest_route=%2Fwp%2Fv2%2Fmedia&parent=49"}],"curies":[{"name":"wp","href":"https:\/\/api.w.org\/{rel}","templated":true}]}}