{"id":27,"date":"2013-12-15T14:02:39","date_gmt":"2013-12-15T13:02:39","guid":{"rendered":"http:\/\/www.hausarzt-waldstetten.de\/?page_id=27"},"modified":"2024-06-30T19:46:07","modified_gmt":"2024-06-30T18:46:07","slug":"leistungsangebot","status":"publish","type":"page","link":"https:\/\/www.hausarzt-waldstetten.de\/?page_id=27","title":{"rendered":"Leistungsangebot"},"content":{"rendered":"<ul>\n<li>Haus\u00e4rztliche Versorgung f\u00fcr die ganze Familie inklusive<\/li>\n<li>Hausbesuche<\/li>\n<li>Besuche im betreuten Wohnen,\u00a0besch\u00fctzenden Einrichtungen z.B. Kurzzeitpflege, Betreuung im Pflegeheim<\/li>\n<li>Notfallmedizinische Versorgung<\/li>\n<li>Impfungen, Kindergartenuntersuchung<\/li>\n<li>Jugendvorsorge- (J1) und Jugendarbeitsschutzuntersuchungen<\/li>\n<li>Vorsorgeuntersuchungen f\u00fcr Erwachsene<\/li>\n<li>Internistischer Check-up<\/li>\n<li>Hautkrebs-Screening<\/li>\n<li>Impfberatung und Impfungen inklusive COVID19-Impfungen und Impfzertifikate<\/li>\n<li>F\u00fchrerscheinuntersuchungen<\/li>\n<li>Sporttauglichkeitsuntersuchungen z.B. Tauchsport, Schwimmsport<\/li>\n<li>Wundversorgung und oberfl\u00e4chennahe chirurgische Eingriffe<br \/>\n(z.B. Fremdk\u00f6rperentfernung)<\/li>\n<li>Disease Management Programme KHK, Diabetes mellitus Typ 2, COPD, Asthma<\/li>\n<li>Ultraschalluntersuchungen<\/li>\n<li>Doppler-Sonographie<\/li>\n<li>Ruhe-EKG<\/li>\n<li>Belastungs-EKG<\/li>\n<li>Langzeit-EKG<\/li>\n<li>Langzeit-Blutdruck-Messung<\/li>\n<li>Lungenfunktionstestung\/ Sauerstoffs\u00e4ttigungsmessung<\/li>\n<li>Akupunktur<\/li>\n<li>Naturheilkundliche Beratung und Therapien,\u00a0z.B. Schr\u00f6pfen<\/li>\n<li>Neuraltherapie<\/li>\n<li>Ern\u00e4hrungsmedizin<\/li>\n<li>Pr\u00e4vention und Gesundheitsf\u00f6rderung<\/li>\n<li>Psychosomatische Grundversorgung<\/li>\n<li>Palliativmedizin<\/li>\n<li>Gutachten<\/li>\n<li>Einleitung von Rehama\u00dfnahmen oder Rehasport<\/li>\n<li>Laborleistungen durch das MVZ Labor Ludwigsburg im Rahmen der Krankenversicherung und dar\u00fcber hinaus sogenannte individuelle Gesundheitsleistungen (IGeL), durch Eingabe der folgenden Adresse gelangen Sie zum Katalog des MVZ Labor Ludwigsburg und Sie verlassen\u00a0 unsere Seiten, f\u00fcr die dortigen Inhalte \u00fcbernehmen wir keine Haftung: <a href=\"https:\/\/www.mvz-labor-lb.de\/fileadmin\/user_upload\/Ludwigsburg\/Formulare_Downloads\/IGeL-Auftragsschein_10-2022_Muster.pdf\" target=\"_blank\" rel=\"noopener\">www.mvz-labor-lb.de\/fileadmin\/user_upload\/Ludwigsburg\/Formulare_Downloads\/IGeL-Auftragsschein_10-2022_Muster.pdf<\/a><\/li>\n<li>und vieles mehr &#8230; WIR sind f\u00fcr SIE da !<\/li>\n<\/ul>\n","protected":false},"excerpt":{"rendered":"<p>Haus\u00e4rztliche Versorgung f\u00fcr die ganze Familie inklusive Hausbesuche Besuche im betreuten Wohnen,\u00a0besch\u00fctzenden Einrichtungen z.B. Kurzzeitpflege, Betreuung im Pflegeheim Notfallmedizinische Versorgung Impfungen, Kindergartenuntersuchung Jugendvorsorge- (J1) und Jugendarbeitsschutzuntersuchungen Vorsorgeuntersuchungen f\u00fcr Erwachsene Internistischer Check-up Hautkrebs-Screening Impfberatung und Impfungen inklusive COVID19-Impfungen und Impfzertifikate F\u00fchrerscheinuntersuchungen Sporttauglichkeitsuntersuchungen z.B. Tauchsport, Schwimmsport Wundversorgung und oberfl\u00e4chennahe chirurgische Eingriffe (z.B. Fremdk\u00f6rperentfernung) Disease Management Programme KHK, &hellip; <a href=\"https:\/\/www.hausarzt-waldstetten.de\/?page_id=27\" class=\"more-link\"><span class=\"screen-reader-text\">Leistungsangebot<\/span> weiterlesen <span class=\"meta-nav\">&rarr;<\/span><\/a><\/p>\n","protected":false},"author":1,"featured_media":0,"parent":0,"menu_order":0,"comment_status":"closed","ping_status":"closed","template":"","meta":{"footnotes":""},"class_list":["post-27","page","type-page","status-publish","hentry"],"aioseo_notices":[],"_links":{"self":[{"href":"https:\/\/www.hausarzt-waldstetten.de\/index.php?rest_route=\/wp\/v2\/pages\/27","targetHints":{"allow":["GET"]}}],"collection":[{"href":"https:\/\/www.hausarzt-waldstetten.de\/index.php?rest_route=\/wp\/v2\/pages"}],"about":[{"href":"https:\/\/www.hausarzt-waldstetten.de\/index.php?rest_route=\/wp\/v2\/types\/page"}],"author":[{"embeddable":true,"href":"https:\/\/www.hausarzt-waldstetten.de\/index.php?rest_route=\/wp\/v2\/users\/1"}],"replies":[{"embeddable":true,"href":"https:\/\/www.hausarzt-waldstetten.de\/index.php?rest_route=%2Fwp%2Fv2%2Fcomments&post=27"}],"version-history":[{"count":26,"href":"https:\/\/www.hausarzt-waldstetten.de\/index.php?rest_route=\/wp\/v2\/pages\/27\/revisions"}],"predecessor-version":[{"id":1128,"href":"https:\/\/www.hausarzt-waldstetten.de\/index.php?rest_route=\/wp\/v2\/pages\/27\/revisions\/1128"}],"wp:attachment":[{"href":"https:\/\/www.hausarzt-waldstetten.de\/index.php?rest_route=%2Fwp%2Fv2%2Fmedia&parent=27"}],"curies":[{"name":"wp","href":"https:\/\/api.w.org\/{rel}","templated":true}]}}