{"id":25,"date":"2013-12-15T14:00:20","date_gmt":"2013-12-15T13:00:20","guid":{"rendered":"http:\/\/www.hausarzt-waldstetten.de\/?page_id=25"},"modified":"2025-10-09T12:41:35","modified_gmt":"2025-10-09T11:41:35","slug":"oeffnungszeiten","status":"publish","type":"page","link":"https:\/\/www.hausarzt-waldstetten.de\/?page_id=25","title":{"rendered":"\u00d6ffnungszeiten"},"content":{"rendered":"<div class=\"entry-content\">Montag:\u00a0 \u00a07:59 -12:00 Uhr<\/div>\n<div>Dienstag &#8211; Freitag: 8:00-12:00 Uhr<\/div>\n<div class=\"entry-content\">Montag, Dienstag und Donnerstag:\u00a0 15:00-18:00 Uhr<\/div>\n<div class=\"entry-content\" style=\"text-align: justify;\">Freitagnachmittag:\u00a0 15:00-18:00 Uhr auf Anfrage und nach Vereinbarung<\/div>\n<div class=\"entry-content\" style=\"text-align: justify;\">Mittwoch nachmittag geschlossen<\/div>\n<div class=\"entry-content\" style=\"text-align: justify;\"><\/div>\n<div><\/div>\n<div class=\"entry-content\" style=\"text-align: justify;\">Online Termine: siehe &#8222;Willkommen&#8220;<\/div>\n<div>Termine f\u00fcr spezifische Untersuchungen, Vorsorgen und ausf\u00fchrliche Beratungen bitten wir, telefonisch zu vereinbaren, ggf. kann via online-Kurztermin das Vorgehen geplant werden.<\/div>\n<div>F\u00fcr Patienten mit Infektzeichen oder Symptomen wie Husten haben wir eine Infektsprechstunde nach telefonischer Voranmeldung eingerichtet.<\/div>\n<div><\/div>\n<div class=\"entry-content\" style=\"text-align: justify;\">Notf\u00e4lle behandeln wir selbstverst\u00e4ndlich jederzeit sofort, w\u00e4hrend der Pausenzeiten erledigen wir u.a. Hausbesuche, sind aber in Telefonbereitschaft erreichbar, die Nummer erfahren Sie bei Anruf in unserer Praxis.<\/div>\n<div class=\"entry-content\" style=\"text-align: justify;\"><\/div>\n<div>\n<p>An<strong> Mittwoch Nachmittagen ab 13 Uhr<\/strong> sowie an <strong>Wochenenden oder Feiertagen<\/strong> ist die Notfallpraxis in der Stauferklinik in Mutlangen von<strong> 8 bis 22 Uhr<\/strong> dienstbereit\u00a0<strong>OHNE<\/strong> Voranmeldung f\u00fcr Sie ge\u00f6ffnet.<\/p>\n<p>An den anderen Tagen\u00a0ab 18 Uhr erreichen Sie den Notdienst\u00a0telefonisch ohne Vorwahl unter\u00a0der Nummer\u00a0<strong>116 117<\/strong>, dies gilt auch w\u00e4hrend der \u00d6ffnungszeiten der Notfallpraxis.<\/p>\n<p>In <strong>lebensbedrohlichen Notf\u00e4llen<\/strong> erreichen Sie die Rettungsleitstelle\/Not\u00e4rztin\/Notarzt unter <strong>112<\/strong>.<\/p>\n<\/div>\n","protected":false},"excerpt":{"rendered":"<p>Montag:\u00a0 \u00a07:59 -12:00 Uhr Dienstag &#8211; Freitag: 8:00-12:00 Uhr Montag, Dienstag und Donnerstag:\u00a0 15:00-18:00 Uhr Freitagnachmittag:\u00a0 15:00-18:00 Uhr auf Anfrage und nach Vereinbarung Mittwoch nachmittag geschlossen Online Termine: siehe &#8222;Willkommen&#8220; Termine f\u00fcr spezifische Untersuchungen, Vorsorgen und ausf\u00fchrliche Beratungen bitten wir, telefonisch zu vereinbaren, ggf. kann via online-Kurztermin das Vorgehen geplant werden. F\u00fcr Patienten mit Infektzeichen &hellip; <a href=\"https:\/\/www.hausarzt-waldstetten.de\/?page_id=25\" class=\"more-link\"><span class=\"screen-reader-text\">\u00d6ffnungszeiten<\/span> weiterlesen <span class=\"meta-nav\">&rarr;<\/span><\/a><\/p>\n","protected":false},"author":1,"featured_media":0,"parent":0,"menu_order":0,"comment_status":"closed","ping_status":"closed","template":"","meta":{"footnotes":""},"class_list":["post-25","page","type-page","status-publish","hentry"],"aioseo_notices":[],"_links":{"self":[{"href":"https:\/\/www.hausarzt-waldstetten.de\/index.php?rest_route=\/wp\/v2\/pages\/25","targetHints":{"allow":["GET"]}}],"collection":[{"href":"https:\/\/www.hausarzt-waldstetten.de\/index.php?rest_route=\/wp\/v2\/pages"}],"about":[{"href":"https:\/\/www.hausarzt-waldstetten.de\/index.php?rest_route=\/wp\/v2\/types\/page"}],"author":[{"embeddable":true,"href":"https:\/\/www.hausarzt-waldstetten.de\/index.php?rest_route=\/wp\/v2\/users\/1"}],"replies":[{"embeddable":true,"href":"https:\/\/www.hausarzt-waldstetten.de\/index.php?rest_route=%2Fwp%2Fv2%2Fcomments&post=25"}],"version-history":[{"count":29,"href":"https:\/\/www.hausarzt-waldstetten.de\/index.php?rest_route=\/wp\/v2\/pages\/25\/revisions"}],"predecessor-version":[{"id":1285,"href":"https:\/\/www.hausarzt-waldstetten.de\/index.php?rest_route=\/wp\/v2\/pages\/25\/revisions\/1285"}],"wp:attachment":[{"href":"https:\/\/www.hausarzt-waldstetten.de\/index.php?rest_route=%2Fwp%2Fv2%2Fmedia&parent=25"}],"curies":[{"name":"wp","href":"https:\/\/api.w.org\/{rel}","templated":true}]}}