{"id":23,"date":"2013-12-15T13:59:07","date_gmt":"2013-12-15T12:59:07","guid":{"rendered":"http:\/\/www.hausarzt-waldstetten.de\/?page_id=23"},"modified":"2025-01-12T19:29:13","modified_gmt":"2025-01-12T18:29:13","slug":"unser-team","status":"publish","type":"page","link":"https:\/\/www.hausarzt-waldstetten.de\/?page_id=23","title":{"rendered":"Unser Team"},"content":{"rendered":"<h5><\/h5>\n<h5>Medizinische Fachangestellte:<\/h5>\n<h5>Frau Beate Kornau (VERAH\/ N\u00c4PA), Frau Birgit Uhl, Frau Silvia Waibel, Frau Alexandra Steiner<\/h5>\n<h5>Auszubildende: Frau Julia Pollinger<\/h5>\n<h5>\u00c4rzte*in:<\/h5>\n<h5>Dr. Stefan Schaible (Facharzt f\u00fcr Allgemeinmedizin, Facharzt f\u00fcr Innere Medizin, Ern\u00e4hrungsmedizin K\u00c4B), Dr. Joachim Strobel ( Facharzt f\u00fcr Allgemeinmedizin, Facharzt f\u00fcr Innere Medizin, Akupunktur, Notfallmedizin, Palliativmedizin),\u00a0 Dr. Helmut Weber (Facharzt f\u00fcr Allgemeinmedizin), Nicole Schaible (Fach\u00e4rztin f\u00fcr Arbeitsmedizin, in Weiterbildung zur Fach\u00e4rztin f\u00fcr Allgemeinmedizin)<\/h5>\n<p style=\"text-align: left;\">\n","protected":false},"excerpt":{"rendered":"<p>Medizinische Fachangestellte: Frau Beate Kornau (VERAH\/ N\u00c4PA), Frau Birgit Uhl, Frau Silvia Waibel, Frau Alexandra Steiner Auszubildende: Frau Julia Pollinger \u00c4rzte*in: Dr. Stefan Schaible (Facharzt f\u00fcr Allgemeinmedizin, Facharzt f\u00fcr Innere Medizin, Ern\u00e4hrungsmedizin K\u00c4B), Dr. Joachim Strobel ( Facharzt f\u00fcr Allgemeinmedizin, Facharzt f\u00fcr Innere Medizin, Akupunktur, Notfallmedizin, Palliativmedizin),\u00a0 Dr. Helmut Weber (Facharzt f\u00fcr Allgemeinmedizin), Nicole Schaible &hellip; <a href=\"https:\/\/www.hausarzt-waldstetten.de\/?page_id=23\" class=\"more-link\"><span class=\"screen-reader-text\">Unser Team<\/span> weiterlesen <span class=\"meta-nav\">&rarr;<\/span><\/a><\/p>\n","protected":false},"author":1,"featured_media":0,"parent":0,"menu_order":0,"comment_status":"closed","ping_status":"closed","template":"","meta":{"footnotes":""},"class_list":["post-23","page","type-page","status-publish","hentry"],"aioseo_notices":[],"_links":{"self":[{"href":"https:\/\/www.hausarzt-waldstetten.de\/index.php?rest_route=\/wp\/v2\/pages\/23","targetHints":{"allow":["GET"]}}],"collection":[{"href":"https:\/\/www.hausarzt-waldstetten.de\/index.php?rest_route=\/wp\/v2\/pages"}],"about":[{"href":"https:\/\/www.hausarzt-waldstetten.de\/index.php?rest_route=\/wp\/v2\/types\/page"}],"author":[{"embeddable":true,"href":"https:\/\/www.hausarzt-waldstetten.de\/index.php?rest_route=\/wp\/v2\/users\/1"}],"replies":[{"embeddable":true,"href":"https:\/\/www.hausarzt-waldstetten.de\/index.php?rest_route=%2Fwp%2Fv2%2Fcomments&post=23"}],"version-history":[{"count":31,"href":"https:\/\/www.hausarzt-waldstetten.de\/index.php?rest_route=\/wp\/v2\/pages\/23\/revisions"}],"predecessor-version":[{"id":1202,"href":"https:\/\/www.hausarzt-waldstetten.de\/index.php?rest_route=\/wp\/v2\/pages\/23\/revisions\/1202"}],"wp:attachment":[{"href":"https:\/\/www.hausarzt-waldstetten.de\/index.php?rest_route=%2Fwp%2Fv2%2Fmedia&parent=23"}],"curies":[{"name":"wp","href":"https:\/\/api.w.org\/{rel}","templated":true}]}}